{"id":644,"date":"2023-07-10T10:06:04","date_gmt":"2023-07-10T08:06:04","guid":{"rendered":"https:\/\/therawell.de\/Gutschein\/?page_id=644"},"modified":"2025-10-14T10:09:21","modified_gmt":"2025-10-14T08:09:21","slug":"kosmetik-fuer-die-dame-gesicht","status":"publish","type":"page","link":"https:\/\/therawell.de\/Gutschein\/kosmetik-fuer-die-dame-gesicht\/","title":{"rendered":"Kosmetik f\u00fcr die Dame Gesicht"},"content":{"rendered":"\n\t<div class=\"img has-hover x md-x lg-x y md-y lg-y\" id=\"image_437156090\">\n\t\t\t\t\t\t\t\t<div class=\"img-inner image-cover dark\" style=\"padding-top:255px;\">\n\t\t\t<img loading=\"lazy\" decoding=\"async\" width=\"1020\" height=\"680\" src=\"https:\/\/therawell.de\/Gutschein\/wp-content\/uploads\/2019\/01\/49277217_xl-1200x800.jpg\" class=\"attachment-large size-large\" alt=\"\" srcset=\"https:\/\/therawell.de\/Gutschein\/wp-content\/uploads\/2019\/01\/49277217_xl-1200x800.jpg 1200w, https:\/\/therawell.de\/Gutschein\/wp-content\/uploads\/2019\/01\/49277217_xl-600x400.jpg 600w, https:\/\/therawell.de\/Gutschein\/wp-content\/uploads\/2019\/01\/49277217_xl-768x512.jpg 768w\" sizes=\"auto, (max-width: 1020px) 100vw, 1020px\" \/>\t\t\t\t\t\t\n\t\t\t\t\t<\/div>\n\t\t\t\t\t\t\t\t\n<style>\n#image_437156090 {\n  width: 100%;\n}\n<\/style>\n\t<\/div>\n\t\n\n\t<div id=\"gap-2021743497\" class=\"gap-element clearfix\" style=\"display:block; height:auto;\">\n\t\t\n<style>\n#gap-2021743497 {\n  padding-top: 53px;\n}\n<\/style>\n\t<\/div>\n\t\n\n<div class=\"container section-title-container\" ><h3 class=\"section-title section-title-normal\"><b aria-hidden=\"true\"><\/b><span class=\"section-title-main\" >Kosmetik f\u00fcr die Dame nach G. Gruber<\/span><b aria-hidden=\"true\"><\/b><\/h3><\/div>\n\n<div class=\"row\"  id=\"row-1749336159\">\n\n\n\t<div id=\"col-142714612\" class=\"col medium-7 small-12 large-7\"  >\n\t\t\t\t<div class=\"col-inner\"  >\n\t\t\t\n\t\t\t\n\n\n<div class=\"wpcf7 no-js\" id=\"wpcf7-f646-o1\" lang=\"de-DE\" dir=\"ltr\" data-wpcf7-id=\"646\">\n<div class=\"screen-reader-response\"><p role=\"status\" aria-live=\"polite\" aria-atomic=\"true\"><\/p> <ul><\/ul><\/div>\n<form action=\"\/Gutschein\/wp-json\/wp\/v2\/pages\/644#wpcf7-f646-o1\" method=\"post\" class=\"wpcf7-form init\" aria-label=\"Kontaktformular\" novalidate=\"novalidate\" data-status=\"init\">\n<fieldset class=\"hidden-fields-container\"><input type=\"hidden\" name=\"_wpcf7\" value=\"646\" \/><input type=\"hidden\" name=\"_wpcf7_version\" value=\"6.1.5\" \/><input type=\"hidden\" name=\"_wpcf7_locale\" value=\"de_DE\" \/><input type=\"hidden\" name=\"_wpcf7_unit_tag\" value=\"wpcf7-f646-o1\" \/><input type=\"hidden\" name=\"_wpcf7_container_post\" value=\"0\" \/><input type=\"hidden\" name=\"_wpcf7_posted_data_hash\" value=\"\" \/>\n<\/fieldset>\n<h2 class=\"uppercase\"><span style=\"font-size: 80%;\">Gutscheinbestellung<\/span>\n<\/h2>\n<p><label> Gutscheinart (*) <span class=\"wpcf7-form-control-wrap\" data-name=\"Gutscheinart\"><span class=\"wpcf7-form-control wpcf7-checkbox wpcf7-validates-as-required\"><span class=\"wpcf7-list-item first\"><input type=\"checkbox\" name=\"Gutscheinart[]\" value=\"Pauschalgutschein\" \/><span class=\"wpcf7-list-item-label\">Pauschalgutschein<\/span><\/span><span class=\"wpcf7-list-item last\"><input type=\"checkbox\" name=\"Gutscheinart[]\" value=\"Programmgutschein\" \/><span class=\"wpcf7-list-item-label\">Programmgutschein<\/span><\/span><\/span><\/span><\/label>\n<\/p>\n<p><label> Text f\u00fcr Gutscheingestaltung <span class=\"wpcf7-form-control-wrap\" data-name=\"TextfrGutscheingestaltung\"><textarea cols=\"40\" rows=\"10\" maxlength=\"2000\" class=\"wpcf7-form-control wpcf7-textarea\" aria-invalid=\"false\" placeholder=\"F\u00fcr meine liebe Mutti (Beispieltext)\" name=\"TextfrGutscheingestaltung\"><\/textarea><\/span><\/label>\n<\/p>\n<h3 span style=\"font-size: 80%;\">[Beispieltext abh\u00e4ngig vom gew\u00e4hlten Gutschein] <br \/>\nIntensive Anti Aging Behandlung f\u00fcr ein frisches Hautbild. Reinigung, Enzympeeling, Microdermabrasion, Wirkstoffampulle, Pflegemaske, intensive Abschlusspflege. Bei unserer Anti Aging Deluxe \u2013 Behandlung werden die Wirkstoffe mit Ultraschall tief in die Haut eingeschleust f\u00fcr sofort sichtbare Erfolge.\n<\/h3>\n<p><span id=\"wpcf7-69fb3a3f8d0ee-wrapper\" class=\"wpcf7-form-control-wrap adresse-wrap\" style=\"display:none !important; visibility:hidden !important;\"><label for=\"wpcf7-69fb3a3f8d0ee-field\" class=\"hp-message\">Bitte lasse dieses Feld leer.<\/label><input id=\"wpcf7-69fb3a3f8d0ee-field\"  class=\"wpcf7-form-control wpcf7-text\" type=\"text\" name=\"adresse\" value=\"\" size=\"40\" tabindex=\"-1\" autocomplete=\"new-password\" \/><\/span>\n<\/p>\n<p style=\"margin-bottom: 30px\">\n<\/p>\n<p><label><span class=\"wpcf7-form-control-wrap\" data-name=\"zumGeburtstagallesgute\"><input size=\"40\" maxlength=\"400\" class=\"wpcf7-form-control wpcf7-text\" aria-invalid=\"false\" placeholder=\"Alles Gute und viel Spa\u00df beim Entspannen w\u00fcnscht dir ...\" value=\"\" type=\"text\" name=\"zumGeburtstagallesgute\" \/><\/span><\/label>\n<\/p>\n<p style=\"margin-bottom: 30px\">\n<\/p>\n<h2 class=\"uppercase\"><span style=\"font-size: 80%;\">Kontaktdaten<\/span>\n<\/h2>\n<p style=\"margin-bottom: 30px\">\n<\/p>\n<p><span id=\"wpcf7-69fb3a3f8d1da-wrapper\" class=\"wpcf7-form-control-wrap telefon-wrap\" style=\"display:none !important; visibility:hidden !important;\"><label for=\"wpcf7-69fb3a3f8d1da-field\" class=\"hp-message\">Bitte lasse dieses Feld leer.<\/label><input id=\"wpcf7-69fb3a3f8d1da-field\"  class=\"wpcf7-form-control wpcf7-text\" type=\"text\" name=\"telefon\" value=\"\" size=\"40\" tabindex=\"-1\" autocomplete=\"new-password\" \/><\/span><br \/>\n<label> Name, Vorname (*)<span class=\"wpcf7-form-control-wrap\" data-name=\"your-name\"><input size=\"40\" maxlength=\"400\" class=\"wpcf7-form-control wpcf7-text wpcf7-validates-as-required\" aria-required=\"true\" aria-invalid=\"false\" value=\"\" type=\"text\" name=\"your-name\" \/><\/span> <\/label>\n<\/p>\n<p><label> Stra\u00dfe, Hausnummer (*)<span class=\"wpcf7-form-control-wrap\" data-name=\"strasse\"><input size=\"40\" maxlength=\"400\" class=\"wpcf7-form-control wpcf7-text wpcf7-validates-as-required\" aria-required=\"true\" aria-invalid=\"false\" value=\"\" type=\"text\" name=\"strasse\" \/><\/span><\/label>\n<\/p>\n<p><label> Ort\/PLZ (*)<span class=\"wpcf7-form-control-wrap\" data-name=\"OrtPLZ\"><input size=\"40\" maxlength=\"400\" class=\"wpcf7-form-control wpcf7-text wpcf7-validates-as-required\" aria-required=\"true\" aria-invalid=\"false\" value=\"\" type=\"text\" name=\"OrtPLZ\" \/><\/span><\/label>\n<\/p>\n<p><label> Ihre E-Mail-Adresse (*)<span class=\"wpcf7-form-control-wrap\" data-name=\"your-email\"><input size=\"40\" maxlength=\"400\" class=\"wpcf7-form-control wpcf7-email wpcf7-validates-as-required wpcf7-text wpcf7-validates-as-email\" aria-required=\"true\" aria-invalid=\"false\" value=\"\" type=\"email\" name=\"your-email\" \/><\/span> <\/label><br \/>\n<label> Ihre Telefonnummer (mit Vorwahl)(*)<span class=\"wpcf7-form-control-wrap\" data-name=\"telefonnummer\"><input size=\"40\" maxlength=\"400\" class=\"wpcf7-form-control wpcf7-tel wpcf7-validates-as-required wpcf7-text wpcf7-validates-as-tel\" aria-required=\"true\" aria-invalid=\"false\" value=\"\" type=\"tel\" name=\"telefonnummer\" \/><\/span><\/label>\n<\/p>\n<p style=\"margin-bottom: 30px\">\n<\/p>\n<h2 class=\"uppercase\"><span style=\"font-size: 80%;\">\u00dcberweisung\/Abholung<\/span>\n<\/h2>\n<p style=\"margin-bottom: 30px\">\n<\/p>\n<p><label><span class=\"wpcf7-form-control-wrap\" data-name=\"ueberweisung-abholung\"><span class=\"wpcf7-form-control wpcf7-checkbox wpcf7-validates-as-required\"><span class=\"wpcf7-list-item first\"><input type=\"checkbox\" name=\"ueberweisung-abholung[]\" value=\"\u00dcberweisung\" \/><span class=\"wpcf7-list-item-label\">\u00dcberweisung<\/span><\/span><span class=\"wpcf7-list-item last\"><input type=\"checkbox\" name=\"ueberweisung-abholung[]\" value=\"Abholung im Therapie-und Wellnesszentrum\" \/><span class=\"wpcf7-list-item-label\">Abholung im Therapie-und Wellnesszentrum<\/span><\/span><\/span><\/span> <\/label>\n<\/p>\n<p style=\"margin-bottom: 30px\">\n<\/p>\n<h2 class=\"uppercase\"><span style=\"font-size: 80%;\">W\u00e4hlen Sie Ihren Gutschein<\/span>\n<\/h2>\n<p style=\"margin-bottom: 30px\">\n<\/p>\n<p><label><span class=\"wpcf7-form-control-wrap\" data-name=\"checkbox-84\"><span class=\"wpcf7-form-control wpcf7-checkbox wpcf7-validates-as-required\"><span class=\"wpcf7-list-item first\"><input type=\"checkbox\" name=\"checkbox-84[]\" value=\"PP 1001 \u201eOberlidstraffung\u201c- 199,00 \u20ac (ab 2. Behandlung 179,00 \u20ac)\" \/><span class=\"wpcf7-list-item-label\">PP 1001 \u201eOberlidstraffung\u201c- 199,00 \u20ac (ab 2. Behandlung 179,00 \u20ac)<\/span><\/span><span class=\"wpcf7-list-item\"><input type=\"checkbox\" name=\"checkbox-84[]\" value=\"PP 1002 \u201eUnterlidstraffung\u201c - 350,00 \u20ac (ab 2. Behandlung 179,00 \u20ac)\" \/><span class=\"wpcf7-list-item-label\">PP 1002 \u201eUnterlidstraffung\u201c - 350,00 \u20ac (ab 2. Behandlung 179,00 \u20ac)<\/span><\/span><span class=\"wpcf7-list-item\"><input type=\"checkbox\" name=\"checkbox-84[]\" value=\"PP 1003 \u201eOber- und Unterlidstraffung\u201c - 350,00 \u20ac (ab 2. Behandlung 330,00 \u20ac)\" \/><span class=\"wpcf7-list-item-label\">PP 1003 \u201eOber- und Unterlidstraffung\u201c - 350,00 \u20ac (ab 2. Behandlung 330,00 \u20ac)<\/span><\/span><span class=\"wpcf7-list-item\"><input type=\"checkbox\" name=\"checkbox-84[]\" value=\"PP 1004 \u201eKr\u00e4henf\u00fc\u00dfe\u201c - 150,00 \u20ac (ab 2. Behandlung 119,00\u20ac)\" \/><span class=\"wpcf7-list-item-label\">PP 1004 \u201eKr\u00e4henf\u00fc\u00dfe\u201c - 150,00 \u20ac (ab 2. Behandlung 119,00\u20ac)<\/span><\/span><span class=\"wpcf7-list-item\"><input type=\"checkbox\" name=\"checkbox-84[]\" value=\"PP 1005 \u201eZornesfalte\u201c - 129,00 \u20ac (ab der 2. Behandlung 119,00\u20ac)\" \/><span class=\"wpcf7-list-item-label\">PP 1005 \u201eZornesfalte\u201c - 129,00 \u20ac (ab der 2. Behandlung 119,00\u20ac)<\/span><\/span><span class=\"wpcf7-list-item\"><input type=\"checkbox\" name=\"checkbox-84[]\" value=\"PP 1006 \u201eStirn\u201c - 199,00 \u20ac (ab der 2. Behandlung 179,00 \u20ac)\" \/><span class=\"wpcf7-list-item-label\">PP 1006 \u201eStirn\u201c - 199,00 \u20ac (ab der 2. Behandlung 179,00 \u20ac)<\/span><\/span><span class=\"wpcf7-list-item\"><input type=\"checkbox\" name=\"checkbox-84[]\" value=\"PP 1007 \u201eStirn- und Zornesfalte\u201c \u2013 299,00 \u20ac (ab 2. Behandlung 279,00 \u20ac)\" \/><span class=\"wpcf7-list-item-label\">PP 1007 \u201eStirn- und Zornesfalte\u201c \u2013 299,00 \u20ac (ab 2. Behandlung 279,00 \u20ac)<\/span><\/span><span class=\"wpcf7-list-item\"><input type=\"checkbox\" name=\"checkbox-84[]\" value=\"PP 1008 \u201eNasolabialfalte\u201c \u2013 150,00 \u20ac (ab 2. Behandlung 130,00 \u20ac)\" \/><span class=\"wpcf7-list-item-label\">PP 1008 \u201eNasolabialfalte\u201c \u2013 150,00 \u20ac (ab 2. Behandlung 130,00 \u20ac)<\/span><\/span><span class=\"wpcf7-list-item\"><input type=\"checkbox\" name=\"checkbox-84[]\" value=\"PP 1009 \u201eLippenf\u00e4ltchen\u201c \u2013 150,00 \u20ac (ab 2. Behandlung 130,00 \u20ac)\" \/><span class=\"wpcf7-list-item-label\">PP 1009 \u201eLippenf\u00e4ltchen\u201c \u2013 150,00 \u20ac (ab 2. Behandlung 130,00 \u20ac)<\/span><\/span><span class=\"wpcf7-list-item\"><input type=\"checkbox\" name=\"checkbox-84[]\" value=\"PP 1010 \u201eOhr-F\u00e4ltchen\u201c \u2013 150,00 \u20ac (ab 2. Behandlung 130,00 \u20ac)\" \/><span class=\"wpcf7-list-item-label\">PP 1010 \u201eOhr-F\u00e4ltchen\u201c \u2013 150,00 \u20ac (ab 2. Behandlung 130,00 \u20ac)<\/span><\/span><span class=\"wpcf7-list-item\"><input type=\"checkbox\" name=\"checkbox-84[]\" value=\"PP 1011 \u201eMarionettenfalten\u201c \u2013 150,00 \u20ac (ab 2. Behandlung 130,00 \u20ac)\" \/><span class=\"wpcf7-list-item-label\">PP 1011 \u201eMarionettenfalten\u201c \u2013 150,00 \u20ac (ab 2. Behandlung 130,00 \u20ac)<\/span><\/span><span class=\"wpcf7-list-item\"><input type=\"checkbox\" name=\"checkbox-84[]\" value=\"PP 1012 \u201eHals Lifting\u201c \u2013  399,00 \u20ac (ab 2. Behandlung 379,00 \u20ac)\" \/><span class=\"wpcf7-list-item-label\">PP 1012 \u201eHals Lifting\u201c \u2013  399,00 \u20ac (ab 2. Behandlung 379,00 \u20ac)<\/span><\/span><span class=\"wpcf7-list-item\"><input type=\"checkbox\" name=\"checkbox-84[]\" value=\"PP 1013 \u201eBauchdeckenstraffung\u201c \u2013 499,00 \u20ac (ab 2. Behandlung 449,00 \u20ac)\" \/><span class=\"wpcf7-list-item-label\">PP 1013 \u201eBauchdeckenstraffung\u201c \u2013 499,00 \u20ac (ab 2. Behandlung 449,00 \u20ac)<\/span><\/span><span class=\"wpcf7-list-item\"><input type=\"checkbox\" name=\"checkbox-84[]\" value=\"PP 1014 \u201e Dekollet\u00e8\u201c - 399,00 \u20ac (ab 2. Behandlung 379,00 \u20ac)\" \/><span class=\"wpcf7-list-item-label\">PP 1014 \u201e Dekollet\u00e8\u201c - 399,00 \u20ac (ab 2. Behandlung 379,00 \u20ac)<\/span><\/span><span class=\"wpcf7-list-item\"><input type=\"checkbox\" name=\"checkbox-84[]\" value=\"PP 1015 \u201eFace Lifting\u201c - 699,00 \u20ac (ab 2. Behandlung 599,00 \u20ac)\" \/><span class=\"wpcf7-list-item-label\">PP 1015 \u201eFace Lifting\u201c - 699,00 \u20ac (ab 2. Behandlung 599,00 \u20ac)<\/span><\/span><span class=\"wpcf7-list-item\"><input type=\"checkbox\" name=\"checkbox-84[]\" value=\"PP 1016 \u201eAknebehandlung\u201c - 170,00 \u20ac (ab 2. Behandlung 150,00 \u20ac p.P.)\" \/><span class=\"wpcf7-list-item-label\">PP 1016 \u201eAknebehandlung\u201c - 170,00 \u20ac (ab 2. Behandlung 150,00 \u20ac p.P.)<\/span><\/span><span class=\"wpcf7-list-item\"><input type=\"checkbox\" name=\"checkbox-84[]\" value=\"PP 1017 \u201eNarbenbehandlung\u201c - je nach Aufwand ab 30,00 \u20ac\" \/><span class=\"wpcf7-list-item-label\">PP 1017 \u201eNarbenbehandlung\u201c - je nach Aufwand ab 30,00 \u20ac<\/span><\/span><span class=\"wpcf7-list-item\"><input type=\"checkbox\" name=\"checkbox-84[]\" value=\"PP 1018 \u201eLeberflecken\u201c - je nach Aufwand ab 20,00 \u20ac\" \/><span class=\"wpcf7-list-item-label\">PP 1018 \u201eLeberflecken\u201c - je nach Aufwand ab 20,00 \u20ac<\/span><\/span><span class=\"wpcf7-list-item\"><input type=\"checkbox\" name=\"checkbox-84[]\" value=\"PP 1019 \u201ePigment\/Altersflecken\u201c - je nach Aufwand ab 20,00 \u20ac\" \/><span class=\"wpcf7-list-item-label\">PP 1019 \u201ePigment\/Altersflecken\u201c - je nach Aufwand ab 20,00 \u20ac<\/span><\/span><span class=\"wpcf7-list-item\"><input type=\"checkbox\" name=\"checkbox-84[]\" value=\"WL 101 \u201eWimpernlifting\u201c - 45,90 \u20ac\" \/><span class=\"wpcf7-list-item-label\">WL 101 \u201eWimpernlifting\u201c - 45,90 \u20ac<\/span><\/span><span class=\"wpcf7-list-item\"><input type=\"checkbox\" name=\"checkbox-84[]\" value=\"WL 102 \u201eWimpernlifting incl F\u00e4rben und Pflege\u201c - 55,90 \u20ac\" \/><span class=\"wpcf7-list-item-label\">WL 102 \u201eWimpernlifting incl F\u00e4rben und Pflege\u201c - 55,90 \u20ac<\/span><\/span><span class=\"wpcf7-list-item\"><input type=\"checkbox\" name=\"checkbox-84[]\" value=\"BL 101 \u201eBrowlift\u201c - 45,90 \u20ac\" \/><span class=\"wpcf7-list-item-label\">BL 101 \u201eBrowlift\u201c - 45,90 \u20ac<\/span><\/span><span class=\"wpcf7-list-item\"><input type=\"checkbox\" name=\"checkbox-84[]\" value=\"BL 102 \u201eBrowlift incl. f\u00e4rben und Pflege\u201c - 55,90 \u20ac\" \/><span class=\"wpcf7-list-item-label\">BL 102 \u201eBrowlift incl. f\u00e4rben und Pflege\u201c - 55,90 \u20ac<\/span><\/span><span class=\"wpcf7-list-item\"><input type=\"checkbox\" name=\"checkbox-84[]\" value=\"WBL 101 \u201eWimpern- und Browlifting\u201c - 85,90 \u20ac\" \/><span class=\"wpcf7-list-item-label\">WBL 101 \u201eWimpern- und Browlifting\u201c - 85,90 \u20ac<\/span><\/span><span class=\"wpcf7-list-item\"><input type=\"checkbox\" name=\"checkbox-84[]\" value=\"WBL 102 \u201eWimpern- und Browlift incl. Farbe und Pflege\u201c - 99,00 \u20ac\" \/><span class=\"wpcf7-list-item-label\">WBL 102 \u201eWimpern- und Browlift incl. Farbe und Pflege\u201c - 99,00 \u20ac<\/span><\/span><span class=\"wpcf7-list-item\"><input type=\"checkbox\" name=\"checkbox-84[]\" value=\"PMU 1001 \u201eMicroblading Augenbrauen\u201c - 380,00 \u20ac\" \/><span class=\"wpcf7-list-item-label\">PMU 1001 \u201eMicroblading Augenbrauen\u201c - 380,00 \u20ac<\/span><\/span><span class=\"wpcf7-list-item\"><input type=\"checkbox\" name=\"checkbox-84[]\" value=\"PMU 1002 \u201eAuffrischen ab 6 Monate\u201c - 180,00 \u20ac\" \/><span class=\"wpcf7-list-item-label\">PMU 1002 \u201eAuffrischen ab 6 Monate\u201c - 180,00 \u20ac<\/span><\/span><span class=\"wpcf7-list-item\"><input type=\"checkbox\" name=\"checkbox-84[]\" value=\"PMU 1003 \u201eLidstrich oben\u201c - 250,00 \u20ac\" \/><span class=\"wpcf7-list-item-label\">PMU 1003 \u201eLidstrich oben\u201c - 250,00 \u20ac<\/span><\/span><span class=\"wpcf7-list-item\"><input type=\"checkbox\" name=\"checkbox-84[]\" value=\"PMU 1004 \u201eLidstrich unten\u201c - 200,00 \u20ac\" \/><span class=\"wpcf7-list-item-label\">PMU 1004 \u201eLidstrich unten\u201c - 200,00 \u20ac<\/span><\/span><span class=\"wpcf7-list-item\"><input type=\"checkbox\" name=\"checkbox-84[]\" value=\"PMU 1005 \u201eLidstrich oben und unten\u201c - 280,00 \u20ac\" \/><span class=\"wpcf7-list-item-label\">PMU 1005 \u201eLidstrich oben und unten\u201c - 280,00 \u20ac<\/span><\/span><span class=\"wpcf7-list-item\"><input type=\"checkbox\" name=\"checkbox-84[]\" value=\"PMU 1006 \u201eLippen je nach Technik\u201c - 400,00 \u20ac\" \/><span class=\"wpcf7-list-item-label\">PMU 1006 \u201eLippen je nach Technik\u201c - 400,00 \u20ac<\/span><\/span><span class=\"wpcf7-list-item\"><input type=\"checkbox\" name=\"checkbox-84[]\" value=\"SL 1001 \u201eSeidenfadenlifting Augen\u201c - 69,00 \u20ac (4 Behandlungen 250,00 \u20ac)\" \/><span class=\"wpcf7-list-item-label\">SL 1001 \u201eSeidenfadenlifting Augen\u201c - 69,00 \u20ac (4 Behandlungen 250,00 \u20ac)<\/span><\/span><span class=\"wpcf7-list-item\"><input type=\"checkbox\" name=\"checkbox-84[]\" value=\"SL 1002 \u201eSeidenfadenlifting Mund\u201c - 69,00 \u20ac (4 Behandlungen 250,00 \u20ac)\" \/><span class=\"wpcf7-list-item-label\">SL 1002 \u201eSeidenfadenlifting Mund\u201c - 69,00 \u20ac (4 Behandlungen 250,00 \u20ac)<\/span><\/span><span class=\"wpcf7-list-item\"><input type=\"checkbox\" name=\"checkbox-84[]\" value=\"SL 1003 \u201eSeidenfadenlifting Stirn\u201c - 89,00 \u20ac (4 Behandlungen 340,00 \u20ac)\" \/><span class=\"wpcf7-list-item-label\">SL 1003 \u201eSeidenfadenlifting Stirn\u201c - 89,00 \u20ac (4 Behandlungen 340,00 \u20ac)<\/span><\/span><span class=\"wpcf7-list-item last\"><input type=\"checkbox\" name=\"checkbox-84[]\" value=\"SL 1004 \u201eSeidenfadenlifting Gesicht komplett\u201c - 159,00 \u20ac (4 Behandlungen 600,00 \u20ac)\" \/><span class=\"wpcf7-list-item-label\">SL 1004 \u201eSeidenfadenlifting Gesicht komplett\u201c - 159,00 \u20ac (4 Behandlungen 600,00 \u20ac)<\/span><\/span><\/span><\/span><\/label>\n<\/p>\n<p style=\"margin-bottom: 30px\">\n<\/p>\n<p><label> Bemerkungen<br \/>\n<span class=\"wpcf7-form-control-wrap\" data-name=\"your-message\"><textarea cols=\"40\" rows=\"10\" maxlength=\"2000\" class=\"wpcf7-form-control wpcf7-textarea\" aria-invalid=\"false\" name=\"your-message\"><\/textarea><\/span> <\/label>\n<\/p>\n<p>Die Geltungsdauer des Gutscheines betr\u00e4gt 2 Jahre. Der Gutschein ist erst nach Zahlungseingang g\u00fcltig. Eine Barauszahlung des Gutscheines ist nicht m\u00f6glich.\n<\/p>\n<p style=\"margin-bottom: 30px\">\n<\/p>\n<p><span class=\"wpcf7-form-control-wrap kc_captcha\" data-name=\"kc_captcha\"><span class=\"wpcf7-form-control wpcf7-radio\"><span class=\"captcha-image\" ><span class=\"cf7ic_instructions\">Bitte beweise, dass du kein Spambot bist und w\u00e4hle das Symbol<span> Stern<\/span>.<\/span><label><input aria-label=\"1\" type=\"radio\" name=\"kc_captcha\" value=\"bot\" \/><svg aria-hidden=\"true\" role=\"img\" xmlns=\"http:\/\/www.w3.org\/2000\/svg\" viewBox=\"0 0 576 512\"><path fill=\"currentColor\" d=\"M415 24c-53 0-103 42-127 65-24-23-74-65-127-65C70 24 16 77 16 166c0 72 67 133 69 135l187 181c9 8 23 8 32 0l187-180c2-3 69-64 69-136 0-89-54-142-145-142z\"\/><\/svg><\/label><label><input aria-label=\"2\" type=\"radio\" name=\"kc_captcha\" value=\"kc_human\" \/><svg aria-hidden=\"true\" role=\"img\" xmlns=\"http:\/\/www.w3.org\/2000\/svg\" viewBox=\"0 0 576 512\"><path fill=\"currentColor\" d=\"M259 18l-65 132-146 22c-26 3-37 36-18 54l106 103-25 146c-5 26 23 46 46 33l131-68 131 68c23 13 51-7 46-33l-25-146 106-103c19-18 8-51-18-54l-146-22-65-132a32 32 0 00-58 0z\"\/><\/svg><\/label><label><input aria-label=\"3\" type=\"radio\" name=\"kc_captcha\" value=\"bot\" \/><svg aria-hidden=\"true\" role=\"img\" xmlns=\"http:\/\/www.w3.org\/2000\/svg\" viewBox=\"0 0 576 512\"><path fill=\"currentColor\" d=\"M472 200H360L256 6a12 12 0 00-10-6h-58c-8 0-14 7-12 15l34 185H100l-35-58a12 12 0 00-10-6H12c-8 0-13 7-12 14l21 106L0 362c-1 7 4 14 12 14h43c4 0 8-2 10-6l35-58h110l-34 185c-2 8 4 15 12 15h58a12 12 0 0010-6l104-194h112c57 0 104-25 104-56s-47-56-104-56z\"\/><\/svg><\/label>\r\n    <\/span>\r\n    <span style=\"display:none\">\r\n        <input type=\"text\" name=\"kc_honeypot\">\r\n    <\/span><\/span><\/span><br \/>\n<span class=\"wpcf7-form-control-wrap\" data-name=\"acceptance-975\"><span class=\"wpcf7-form-control wpcf7-acceptance\"><span class=\"wpcf7-list-item\"><label><input type=\"checkbox\" name=\"acceptance-975\" value=\"1\" aria-invalid=\"false\" \/><span class=\"wpcf7-list-item-label\">Ich habe die <a href=\"https:\/\/therawell.de\/datenschutz.htm\" target=\"_blank\">Datenschutzrichtlinien<\/a> gelesen und erkl\u00e4re mich mit den Datenschutzbestimmungen einverstanden.<\/span><\/label><\/span><\/span><\/span>\n<\/p>\n<p><input class=\"wpcf7-form-control wpcf7-submit has-spinner\" type=\"submit\" value=\"Senden\" \/>\n<\/p><div class=\"wpcf7-response-output\" aria-hidden=\"true\"><\/div>\n<\/form>\n<\/div>\n\n\n\n\t\t<\/div>\n\t\t\t\t\t<\/div>\n\n\t\n\n\t<div id=\"col-1828252055\" class=\"col medium-5 small-12 large-5\"  >\n\t\t\t\t<div class=\"col-inner\"  >\n\t\t\t\n\t\t\t\n\n<p>*\u00a0 W\u00fcnschen Sie den komfortablen postalischen Versand direkt an die von Ihnen angegebene Adresse, so berechnen wir innerhalb von Deutschland zus\u00e4tzlich zum Gutscheinwert eine Versandkostenpauschale in H\u00f6he von 3,50 EUR (inkl. MwSt.) bzw. bei einem Brief per Einschreiben 6,50 Euro (inkl. MwSt.). M\u00f6chten Sie Ihren gebuchten Gutschein ins Ausland versenden, kontaktieren Sie uns bitte, um die Kosten des Versands zu erfragen.<\/p>\n<p><strong>Bitte \u00fcberweisen Sie den Betrag innerhalb von 3 Werktagen nach Ihrer Bestellung auf folgendes Konto:<\/strong><\/p>\n<p><strong>Empf\u00e4nger: <\/strong>Thera Well Ivo Weichsel<strong><br \/>Bank: <\/strong>Commerzbank\u00a0<b><br \/><\/b><strong>IBAN:<\/strong> DE80 8704 0000 0703 2469 00<br \/><strong>BIC:<\/strong> COBADEFFXXX\u00a0<br \/><strong>Verwendungszweck:<\/strong> Name\/Gutschein<\/p>\n<p>Nach erfolgtem Zahlungseingang liegt Ihr bestellter Gutschein bei uns im Therapie- und Wellnesszentrum zur Abholung bereit bzw. wird direkt an die uns angegebene Adresse verschickt.<\/p>\n<p><strong>Sollte es einmal eilig sein, kein Problem. Bitte geben Sie uns eine entsprechende Information und wir versenden Ihren Gutschein auch ohne vorherige \u00dcberweisung (der Gutschein ist erst nach erfolgtem Zahlungseingang einl\u00f6sbar).<\/strong><\/p>\n<p>F\u00fcr weitere Fragen stehen wir Ihnen auch gerne unter Telefon 03 75 &#8211; 3 53 16 61 zur Verf\u00fcgung.<\/p>\n\t<div class=\"img has-hover x md-x lg-x y md-y lg-y\" id=\"image_908669716\">\n\t\t\t\t\t\t\t\t<div class=\"img-inner dark\" >\n\t\t\t<img loading=\"lazy\" decoding=\"async\" width=\"462\" height=\"151\" src=\"https:\/\/therawell.de\/Gutschein\/wp-content\/uploads\/2019\/01\/2-1.jpg\" class=\"attachment-original size-original\" alt=\"\" \/>\t\t\t\t\t\t\n\t\t\t\t\t<\/div>\n\t\t\t\t\t\t\t\t\n<style>\n#image_908669716 {\n  width: 100%;\n}\n<\/style>\n\t<\/div>\n\t\n\n\n\t\t<\/div>\n\t\t\t\t\t<\/div>\n\n\t\n\n<\/div>\n\n","protected":false},"excerpt":{"rendered":"","protected":false},"author":1,"featured_media":0,"parent":0,"menu_order":0,"comment_status":"closed","ping_status":"closed","template":"","meta":{"footnotes":""},"class_list":["post-644","page","type-page","status-publish","hentry"],"_links":{"self":[{"href":"https:\/\/therawell.de\/Gutschein\/wp-json\/wp\/v2\/pages\/644","targetHints":{"allow":["GET"]}}],"collection":[{"href":"https:\/\/therawell.de\/Gutschein\/wp-json\/wp\/v2\/pages"}],"about":[{"href":"https:\/\/therawell.de\/Gutschein\/wp-json\/wp\/v2\/types\/page"}],"author":[{"embeddable":true,"href":"https:\/\/therawell.de\/Gutschein\/wp-json\/wp\/v2\/users\/1"}],"replies":[{"embeddable":true,"href":"https:\/\/therawell.de\/Gutschein\/wp-json\/wp\/v2\/comments?post=644"}],"version-history":[{"count":3,"href":"https:\/\/therawell.de\/Gutschein\/wp-json\/wp\/v2\/pages\/644\/revisions"}],"predecessor-version":[{"id":25229,"href":"https:\/\/therawell.de\/Gutschein\/wp-json\/wp\/v2\/pages\/644\/revisions\/25229"}],"wp:attachment":[{"href":"https:\/\/therawell.de\/Gutschein\/wp-json\/wp\/v2\/media?parent=644"}],"curies":[{"name":"wp","href":"https:\/\/api.w.org\/{rel}","templated":true}]}}