{"id":434,"date":"2019-01-24T08:23:42","date_gmt":"2019-01-24T07:23:42","guid":{"rendered":"http:\/\/therawell.de\/Gutschein\/?page_id=434"},"modified":"2025-10-14T10:07:22","modified_gmt":"2025-10-14T08:07:22","slug":"kosmetik-dame-hande-fusspflege","status":"publish","type":"page","link":"https:\/\/therawell.de\/Gutschein\/kosmetik-dame-hande-fusspflege\/","title":{"rendered":"Kosmetik f\u00fcr die Dame &#8211;  &#8211; H\u00e4nde &#8211; Fu\u00dfpflege"},"content":{"rendered":"\n\t<div class=\"img has-hover x md-x lg-x y md-y lg-y\" id=\"image_2034254353\">\n\t\t\t\t\t\t\t\t<div class=\"img-inner image-cover dark\" style=\"padding-top:255px;\">\n\t\t\t<img loading=\"lazy\" decoding=\"async\" width=\"1020\" height=\"680\" src=\"https:\/\/therawell.de\/Gutschein\/wp-content\/uploads\/2019\/01\/49277217_xl-1200x800.jpg\" class=\"attachment-large size-large\" alt=\"\" srcset=\"https:\/\/therawell.de\/Gutschein\/wp-content\/uploads\/2019\/01\/49277217_xl-1200x800.jpg 1200w, https:\/\/therawell.de\/Gutschein\/wp-content\/uploads\/2019\/01\/49277217_xl-600x400.jpg 600w, https:\/\/therawell.de\/Gutschein\/wp-content\/uploads\/2019\/01\/49277217_xl-768x512.jpg 768w\" sizes=\"auto, (max-width: 1020px) 100vw, 1020px\" \/>\t\t\t\t\t\t\n\t\t\t\t\t<\/div>\n\t\t\t\t\t\t\t\t\n<style>\n#image_2034254353 {\n  width: 100%;\n}\n<\/style>\n\t<\/div>\n\t\n\n\t<div id=\"gap-342368742\" class=\"gap-element clearfix\" style=\"display:block; height:auto;\">\n\t\t\n<style>\n#gap-342368742 {\n  padding-top: 53px;\n}\n<\/style>\n\t<\/div>\n\t\n\n<div class=\"container section-title-container\" ><h3 class=\"section-title section-title-normal\"><b aria-hidden=\"true\"><\/b><span class=\"section-title-main\" >Kosmetik f\u00fcr die Dame - Wohlf\u00fchlpflege f\u00fcr H\u00e4nde und F\u00fc\u00dfe<\/span><b aria-hidden=\"true\"><\/b><\/h3><\/div>\n\n<div class=\"row\"  id=\"row-1699951321\">\n\n\n\t<div id=\"col-1287849570\" class=\"col medium-7 small-12 large-7\"  >\n\t\t\t\t<div class=\"col-inner\"  >\n\t\t\t\n\t\t\t\n\n\n<div class=\"wpcf7 no-js\" id=\"wpcf7-f433-o1\" lang=\"de-DE\" dir=\"ltr\" data-wpcf7-id=\"433\">\n<div class=\"screen-reader-response\"><p role=\"status\" aria-live=\"polite\" aria-atomic=\"true\"><\/p> <ul><\/ul><\/div>\n<form action=\"\/Gutschein\/wp-json\/wp\/v2\/pages\/434#wpcf7-f433-o1\" method=\"post\" class=\"wpcf7-form init\" aria-label=\"Kontaktformular\" novalidate=\"novalidate\" data-status=\"init\">\n<fieldset class=\"hidden-fields-container\"><input type=\"hidden\" name=\"_wpcf7\" value=\"433\" \/><input type=\"hidden\" name=\"_wpcf7_version\" value=\"6.1.5\" \/><input type=\"hidden\" name=\"_wpcf7_locale\" value=\"de_DE\" \/><input type=\"hidden\" name=\"_wpcf7_unit_tag\" value=\"wpcf7-f433-o1\" \/><input type=\"hidden\" name=\"_wpcf7_container_post\" value=\"0\" \/><input type=\"hidden\" name=\"_wpcf7_posted_data_hash\" value=\"\" \/>\n<\/fieldset>\n<h2 class=\"uppercase\"><span style=\"font-size: 80%;\">Gutscheinbestellung<\/span>\n<\/h2>\n<p><label> Gutscheinart (*) <span class=\"wpcf7-form-control-wrap\" data-name=\"Gutscheinart\"><span class=\"wpcf7-form-control wpcf7-checkbox wpcf7-validates-as-required\"><span class=\"wpcf7-list-item first\"><input type=\"checkbox\" name=\"Gutscheinart[]\" value=\"Pauschalgutschein\" \/><span class=\"wpcf7-list-item-label\">Pauschalgutschein<\/span><\/span><span class=\"wpcf7-list-item last\"><input type=\"checkbox\" name=\"Gutscheinart[]\" value=\"Programmgutschein\" \/><span class=\"wpcf7-list-item-label\">Programmgutschein<\/span><\/span><\/span><\/span><\/label>\n<\/p>\n<p><label> Text f\u00fcr Gutscheingestaltung <span class=\"wpcf7-form-control-wrap\" data-name=\"TextfrGutscheingestaltung\"><textarea cols=\"40\" rows=\"10\" maxlength=\"2000\" class=\"wpcf7-form-control wpcf7-textarea\" aria-invalid=\"false\" placeholder=\"F\u00fcr meine liebe Mutti (Beispieltext)\" name=\"TextfrGutscheingestaltung\"><\/textarea><\/span><\/label><br \/>\n<span id=\"wpcf7-69fb459e03699-wrapper\" class=\"wpcf7-form-control-wrap haus-wrap\" style=\"display:none !important; visibility:hidden !important;\"><label for=\"wpcf7-69fb459e03699-field\" class=\"hp-message\">Bitte lasse dieses Feld leer.<\/label><input id=\"wpcf7-69fb459e03699-field\"  class=\"wpcf7-form-control wpcf7-text\" type=\"text\" name=\"haus\" value=\"\" size=\"40\" tabindex=\"-1\" autocomplete=\"new-password\" \/><\/span>\n<\/p>\n<h3 span style=\"font-size: 80%;\">[Beispieltext abh\u00e4ngig vom gew\u00e4hlten Gutschein] <br \/>\nIntensive Anti Aging Behandlung f\u00fcr ein frisches Hautbild. Reinigung, Enzympeeling, Microdermabrasion, Wirkstoffampulle, Pflegemaske, intensive Abschlusspflege. Bei unserer Anti Aging Deluxe \u2013 Behandlung werden die Wirkstoffe mit Ultraschall tief in die Haut eingeschleust f\u00fcr sofort sichtbare Erfolge.\n<\/h3>\n<p style=\"margin-bottom: 30px\">\n<\/p>\n<p><label><span class=\"wpcf7-form-control-wrap\" data-name=\"zumGeburtstagallesgute\"><input size=\"40\" maxlength=\"400\" class=\"wpcf7-form-control wpcf7-text\" aria-invalid=\"false\" placeholder=\"Alles Gute und viel Spa\u00df beim Entspannen w\u00fcnscht dir ...\" value=\"\" type=\"text\" name=\"zumGeburtstagallesgute\" \/><\/span><\/label>\n<\/p>\n<p style=\"margin-bottom: 30px\">\n<\/p>\n<h2 class=\"uppercase\"><span style=\"font-size: 80%;\">Kontaktdaten<\/span>\n<\/h2>\n<p style=\"margin-bottom: 30px\">\n<\/p>\n<p><span id=\"wpcf7-69fb459e03784-wrapper\" class=\"wpcf7-form-control-wrap adresse-wrap\" style=\"display:none !important; visibility:hidden !important;\"><label for=\"wpcf7-69fb459e03784-field\" class=\"hp-message\">Bitte lasse dieses Feld leer.<\/label><input id=\"wpcf7-69fb459e03784-field\"  class=\"wpcf7-form-control wpcf7-text\" type=\"text\" name=\"adresse\" value=\"\" size=\"40\" tabindex=\"-1\" autocomplete=\"new-password\" \/><\/span><br \/>\n<label> Name, Vorname (*)<span class=\"wpcf7-form-control-wrap\" data-name=\"your-name\"><input size=\"40\" maxlength=\"400\" class=\"wpcf7-form-control wpcf7-text wpcf7-validates-as-required\" aria-required=\"true\" aria-invalid=\"false\" value=\"\" type=\"text\" name=\"your-name\" \/><\/span> <\/label>\n<\/p>\n<p><label> Stra\u00dfe, Hausnummer (*)<span class=\"wpcf7-form-control-wrap\" data-name=\"strasse\"><input size=\"40\" maxlength=\"400\" class=\"wpcf7-form-control wpcf7-text wpcf7-validates-as-required\" aria-required=\"true\" aria-invalid=\"false\" value=\"\" type=\"text\" name=\"strasse\" \/><\/span><\/label>\n<\/p>\n<p><label> Ort\/PLZ (*)<span class=\"wpcf7-form-control-wrap\" data-name=\"OrtPLZ\"><input size=\"40\" maxlength=\"400\" class=\"wpcf7-form-control wpcf7-text wpcf7-validates-as-required\" aria-required=\"true\" aria-invalid=\"false\" value=\"\" type=\"text\" name=\"OrtPLZ\" \/><\/span><\/label>\n<\/p>\n<p><label> Ihre E-Mail-Adresse (*)<span class=\"wpcf7-form-control-wrap\" data-name=\"your-email\"><input size=\"40\" maxlength=\"400\" class=\"wpcf7-form-control wpcf7-email wpcf7-validates-as-required wpcf7-text wpcf7-validates-as-email\" aria-required=\"true\" aria-invalid=\"false\" value=\"\" type=\"email\" name=\"your-email\" \/><\/span> <\/label><br \/>\n<label> Ihre Telefonnummer (mit Vorwahl)(*)<span class=\"wpcf7-form-control-wrap\" data-name=\"telefonnummer\"><input size=\"40\" maxlength=\"400\" class=\"wpcf7-form-control wpcf7-tel wpcf7-validates-as-required wpcf7-text wpcf7-validates-as-tel\" aria-required=\"true\" aria-invalid=\"false\" value=\"\" type=\"tel\" name=\"telefonnummer\" \/><\/span><\/label>\n<\/p>\n<p style=\"margin-bottom: 30px\">\n<\/p>\n<h2 class=\"uppercase\"><span style=\"font-size: 80%;\">\u00dcberweisung\/Abholung<\/span>\n<\/h2>\n<p style=\"margin-bottom: 30px\">\n<\/p>\n<p><label><span class=\"wpcf7-form-control-wrap\" data-name=\"ueberweisung-abholung\"><span class=\"wpcf7-form-control wpcf7-checkbox wpcf7-validates-as-required\"><span class=\"wpcf7-list-item first\"><input type=\"checkbox\" name=\"ueberweisung-abholung[]\" value=\"\u00dcberweisung\" \/><span class=\"wpcf7-list-item-label\">\u00dcberweisung<\/span><\/span><span class=\"wpcf7-list-item last\"><input type=\"checkbox\" name=\"ueberweisung-abholung[]\" value=\"Abholung im Therapie-und Wellnesszentrum\" \/><span class=\"wpcf7-list-item-label\">Abholung im Therapie-und Wellnesszentrum<\/span><\/span><\/span><\/span> <\/label>\n<\/p>\n<p style=\"margin-bottom: 30px\">\n<\/p>\n<h2 class=\"uppercase\"><span style=\"font-size: 80%;\">W\u00e4hlen Sie Ihren Gutschein<\/span>\n<\/h2>\n<p style=\"margin-bottom: 30px\">\n<\/p>\n<p><label><span class=\"wpcf7-form-control-wrap\" data-name=\"checkbox-84\"><span class=\"wpcf7-form-control wpcf7-checkbox wpcf7-validates-as-required\"><span class=\"wpcf7-list-item first\"><input type=\"checkbox\" name=\"checkbox-84[]\" value=\"N1001\u201eSpa Manik\u00fcre\u201c 45,90 \u20ac\" \/><span class=\"wpcf7-list-item-label\">N1001\u201eSpa Manik\u00fcre\u201c 45,90 \u20ac<\/span><\/span><span class=\"wpcf7-list-item\"><input type=\"checkbox\" name=\"checkbox-84[]\" value=\"N1002\u201eSpa Manik\u00fcre deluxe\u201c 58,00 \u20ac\" \/><span class=\"wpcf7-list-item-label\">N1002\u201eSpa Manik\u00fcre deluxe\u201c 58,00 \u20ac<\/span><\/span><span class=\"wpcf7-list-item\"><input type=\"checkbox\" name=\"checkbox-84[]\" value=\"N1005 Nagelmanik\u00fcre ohne Lack 24,90 \u20ac\" \/><span class=\"wpcf7-list-item-label\">N1005 Nagelmanik\u00fcre ohne Lack 24,90 \u20ac<\/span><\/span><span class=\"wpcf7-list-item\"><input type=\"checkbox\" name=\"checkbox-84[]\" value=\"N1005-1Nagelmanik\u00fcre mit Lack 29,90 \u20ac\" \/><span class=\"wpcf7-list-item-label\">N1005-1Nagelmanik\u00fcre mit Lack 29,90 \u20ac<\/span><\/span><span class=\"wpcf7-list-item\"><input type=\"checkbox\" name=\"checkbox-84[]\" value=\"N1006 *Paraffinbad f\u00fcr zarte und gepflegte H\u00e4nde* 19,00 \u20ac\" \/><span class=\"wpcf7-list-item-label\">N1006 *Paraffinbad f\u00fcr zarte und gepflegte H\u00e4nde* 19,00 \u20ac<\/span><\/span><span class=\"wpcf7-list-item\"><input type=\"checkbox\" name=\"checkbox-84[]\" value=\"N1003 \u201eSpa Pedik\u00fcre\u201c 45,90 \u20ac\" \/><span class=\"wpcf7-list-item-label\">N1003 \u201eSpa Pedik\u00fcre\u201c 45,90 \u20ac<\/span><\/span><span class=\"wpcf7-list-item\"><input type=\"checkbox\" name=\"checkbox-84[]\" value=\"N1004 \u201eSpa Pedik\u00fcre deluxe\u201c 58,00 \u20ac\" \/><span class=\"wpcf7-list-item-label\">N1004 \u201eSpa Pedik\u00fcre deluxe\u201c 58,00 \u20ac<\/span><\/span><span class=\"wpcf7-list-item\"><input type=\"checkbox\" name=\"checkbox-84[]\" value=\"KF1001 Kosmetische Fu\u00dfpflege \u2013 ohne Lack 30,00 \u20ac\" \/><span class=\"wpcf7-list-item-label\">KF1001 Kosmetische Fu\u00dfpflege \u2013 ohne Lack 30,00 \u20ac<\/span><\/span><span class=\"wpcf7-list-item\"><input type=\"checkbox\" name=\"checkbox-84[]\" value=\"KF1001 Kosmetische Fu\u00dfpflege \u2013 mit Lack 35,00 \u20ac\" \/><span class=\"wpcf7-list-item-label\">KF1001 Kosmetische Fu\u00dfpflege \u2013 mit Lack 35,00 \u20ac<\/span><\/span><span class=\"wpcf7-list-item\"><input type=\"checkbox\" name=\"checkbox-84[]\" value=\"KF1001Kosmetische Fu\u00dfpflege \u2013 Fu\u00dfmassage 12,00 \u20ac\" \/><span class=\"wpcf7-list-item-label\">KF1001Kosmetische Fu\u00dfpflege \u2013 Fu\u00dfmassage 12,00 \u20ac<\/span><\/span><span class=\"wpcf7-list-item\"><input type=\"checkbox\" name=\"checkbox-84[]\" value=\"KF1001 Kosmetische Fu\u00dfpflege \u2013 Paraffinbad 19,00 \u20ac\" \/><span class=\"wpcf7-list-item-label\">KF1001 Kosmetische Fu\u00dfpflege \u2013 Paraffinbad 19,00 \u20ac<\/span><\/span><span class=\"wpcf7-list-item\"><input type=\"checkbox\" name=\"checkbox-84[]\" value=\"KF1002 Fu\u00dfmodellage mit Gel 21,00 \u20ac\" \/><span class=\"wpcf7-list-item-label\">KF1002 Fu\u00dfmodellage mit Gel 21,00 \u20ac<\/span><\/span><span class=\"wpcf7-list-item\"><input type=\"checkbox\" name=\"checkbox-84[]\" value=\"KF1003 Fu\u00dfpflege und Fu\u00dfmodellage 50,00 \u20ac\" \/><span class=\"wpcf7-list-item-label\">KF1003 Fu\u00dfpflege und Fu\u00dfmodellage 50,00 \u20ac<\/span><\/span><span class=\"wpcf7-list-item\"><input type=\"checkbox\" name=\"checkbox-84[]\" value=\"Nagelmodellage - Neumodellage 48,50 \u20ac\" \/><span class=\"wpcf7-list-item-label\">Nagelmodellage - Neumodellage 48,50 \u20ac<\/span><\/span><span class=\"wpcf7-list-item\"><input type=\"checkbox\" name=\"checkbox-84[]\" value=\"Nagelmodellage - Auff\u00fcllen\/Refill 31,50 \u20ac\" \/><span class=\"wpcf7-list-item-label\">Nagelmodellage - Auff\u00fcllen\/Refill 31,50 \u20ac<\/span><\/span><span class=\"wpcf7-list-item last\"><input type=\"checkbox\" name=\"checkbox-84[]\" value=\"Nagelmodellage - \u00dcberg\u00e4nge feilen &amp; neuer Glanz 17,00 \u20ac\" \/><span class=\"wpcf7-list-item-label\">Nagelmodellage - \u00dcberg\u00e4nge feilen &amp; neuer Glanz 17,00 \u20ac<\/span><\/span><\/span><\/span><\/label>\n<\/p>\n<p style=\"margin-bottom: 30px\">\n<\/p>\n<p><label> Bemerkungen<br \/>\n<span class=\"wpcf7-form-control-wrap\" data-name=\"your-message\"><textarea cols=\"40\" rows=\"10\" maxlength=\"2000\" class=\"wpcf7-form-control wpcf7-textarea\" aria-invalid=\"false\" name=\"your-message\"><\/textarea><\/span> <\/label>\n<\/p>\n<p>Die Geltungsdauer des Gutscheines betr\u00e4gt 2 Jahre. Der Gutschein ist erst nach Zahlungseingang g\u00fcltig. Eine Barauszahlung des Gutscheines ist nicht m\u00f6glich.\n<\/p>\n<p style=\"margin-bottom: 30px\">\n<\/p>\n<p><span class=\"wpcf7-form-control-wrap kc_captcha\" data-name=\"kc_captcha\"><span class=\"wpcf7-form-control wpcf7-radio\"><span class=\"captcha-image\" ><span class=\"cf7ic_instructions\">Bitte beweise, dass du kein Spambot bist und w\u00e4hle das Symbol<span> Schl\u00fcssel<\/span>.<\/span><label><input aria-label=\"1\" type=\"radio\" name=\"kc_captcha\" value=\"bot\" \/><svg aria-hidden=\"true\" role=\"img\" xmlns=\"http:\/\/www.w3.org\/2000\/svg\" viewBox=\"0 0 576 512\"><path fill=\"currentColor\" d=\"M415 24c-53 0-103 42-127 65-24-23-74-65-127-65C70 24 16 77 16 166c0 72 67 133 69 135l187 181c9 8 23 8 32 0l187-180c2-3 69-64 69-136 0-89-54-142-145-142z\"\/><\/svg><\/label><label><input aria-label=\"2\" type=\"radio\" name=\"kc_captcha\" value=\"kc_human\" \/><svg aria-hidden=\"true\" role=\"img\" xmlns=\"http:\/\/www.w3.org\/2000\/svg\" viewBox=\"0 0 512 512\"><path fill=\"currentColor\" d=\"M512 176a176 176 0 01-209 173l-24 27a24 24 0 01-18 8h-37v40c0 13-11 24-24 24h-40v40c0 13-11 24-24 24H24c-13 0-24-11-24-24v-78c0-6 3-13 7-17l162-162a176 176 0 11343-55zm-176-48a48 48 0 1096 0 48 48 0 00-96 0z\"\/><\/svg><\/label><label><input aria-label=\"3\" type=\"radio\" name=\"kc_captcha\" value=\"bot\" \/><svg aria-hidden=\"true\" role=\"img\" xmlns=\"http:\/\/www.w3.org\/2000\/svg\" viewBox=\"0 0 640 512\"><path fill=\"currentColor\" d=\"M624 352h-16V244c0-13-5-25-14-34L494 110c-9-9-21-14-34-14h-44V48c0-26-21-48-48-48H48C22 0 0 22 0 48v320c0 27 22 48 48 48h16a96 96 0 00192 0h128a96 96 0 00192 0h48c9 0 16-7 16-16v-32c0-9-7-16-16-16zM160 464a48 48 0 110-96 48 48 0 010 96zm320 0a48 48 0 110-96 48 48 0 010 96zm80-208H416V144h44l100 100v12z\"\/><\/svg><\/label>\r\n    <\/span>\r\n    <span style=\"display:none\">\r\n        <input type=\"text\" name=\"kc_honeypot\">\r\n    <\/span><\/span><\/span><br \/>\n<span class=\"wpcf7-form-control-wrap\" data-name=\"acceptance-975\"><span class=\"wpcf7-form-control wpcf7-acceptance\"><span class=\"wpcf7-list-item\"><label><input type=\"checkbox\" name=\"acceptance-975\" value=\"1\" aria-invalid=\"false\" \/><span class=\"wpcf7-list-item-label\">Ich habe die <a href=\"https:\/\/therawell.de\/datenschutz.htm\" target=\"_blank\">Datenschutzrichtlinien<\/a> gelesen und erkl\u00e4re mich mit den Datenschutzbestimmungen einverstanden.<\/span><\/label><\/span><\/span><\/span>\n<\/p>\n<p><input class=\"wpcf7-form-control wpcf7-submit has-spinner\" type=\"submit\" value=\"Senden\" \/>\n<\/p><div class=\"wpcf7-response-output\" aria-hidden=\"true\"><\/div>\n<\/form>\n<\/div>\n\n\n\n\t\t<\/div>\n\t\t\t\t\t<\/div>\n\n\t\n\n\t<div id=\"col-480623791\" class=\"col medium-5 small-12 large-5\"  >\n\t\t\t\t<div class=\"col-inner\"  >\n\t\t\t\n\t\t\t\n\n<p>*\u00a0 W\u00fcnschen Sie den komfortablen postalischen Versand direkt an die von Ihnen angegebene Adresse, so berechnen wir innerhalb von Deutschland zus\u00e4tzlich zum Gutscheinwert eine Versandkostenpauschale in H\u00f6he von 3,50 EUR (inkl. MwSt.) bzw. bei einem Brief per Einschreiben 6,50 Euro (inkl. MwSt.). M\u00f6chten Sie Ihren gebuchten Gutschein ins Ausland versenden, kontaktieren Sie uns bitte, um die Kosten des Versands zu erfragen.<\/p>\n<p><strong>Bitte \u00fcberweisen Sie den Betrag innerhalb von 3 Werktagen nach Ihrer Bestellung auf folgendes Konto:<\/strong><\/p>\n<p><strong>Empf\u00e4nger: <\/strong>Thera Well Ivo Weichsel<strong><br \/>Bank: <\/strong>Commerzbank\u00a0<b><br \/><\/b><strong>IBAN:<\/strong> DE80 8704 0000 0703 2469 00<br \/><strong>BIC:<\/strong> COBADEFFXXX\u00a0<br \/><strong>Verwendungszweck:<\/strong> Name\/Gutschein<\/p>\n<p>Nach erfolgtem Zahlungseingang liegt Ihr bestellter Gutschein bei uns im Therapie- und Wellnesszentrum zur Abholung bereit bzw. wird direkt an die uns angegebene Adresse verschickt.<\/p>\n<p><strong>Sollte es einmal eilig sein, kein Problem. Bitte geben Sie uns eine entsprechende Information und wir versenden Ihren Gutschein auch ohne vorherige \u00dcberweisung (der Gutschein ist erst nach erfolgtem Zahlungseingang einl\u00f6sbar).<\/strong><\/p>\n<p>F\u00fcr weitere Fragen stehen wir Ihnen auch gerne unter Telefon 03 75 &#8211; 3 53 16 61 zur Verf\u00fcgung.<\/p>\n\t<div class=\"img has-hover x md-x lg-x y md-y lg-y\" id=\"image_366181024\">\n\t\t\t\t\t\t\t\t<div class=\"img-inner dark\" >\n\t\t\t<img loading=\"lazy\" decoding=\"async\" width=\"462\" height=\"151\" src=\"https:\/\/therawell.de\/Gutschein\/wp-content\/uploads\/2019\/01\/2-1.jpg\" class=\"attachment-original size-original\" alt=\"\" \/>\t\t\t\t\t\t\n\t\t\t\t\t<\/div>\n\t\t\t\t\t\t\t\t\n<style>\n#image_366181024 {\n  width: 100%;\n}\n<\/style>\n\t<\/div>\n\t\n\n\n\t\t<\/div>\n\t\t\t\t\t<\/div>\n\n\t\n\n<\/div>\n\n","protected":false},"excerpt":{"rendered":"","protected":false},"author":1,"featured_media":0,"parent":0,"menu_order":0,"comment_status":"closed","ping_status":"closed","template":"","meta":{"footnotes":""},"class_list":["post-434","page","type-page","status-publish","hentry"],"_links":{"self":[{"href":"https:\/\/therawell.de\/Gutschein\/wp-json\/wp\/v2\/pages\/434","targetHints":{"allow":["GET"]}}],"collection":[{"href":"https:\/\/therawell.de\/Gutschein\/wp-json\/wp\/v2\/pages"}],"about":[{"href":"https:\/\/therawell.de\/Gutschein\/wp-json\/wp\/v2\/types\/page"}],"author":[{"embeddable":true,"href":"https:\/\/therawell.de\/Gutschein\/wp-json\/wp\/v2\/users\/1"}],"replies":[{"embeddable":true,"href":"https:\/\/therawell.de\/Gutschein\/wp-json\/wp\/v2\/comments?post=434"}],"version-history":[{"count":12,"href":"https:\/\/therawell.de\/Gutschein\/wp-json\/wp\/v2\/pages\/434\/revisions"}],"predecessor-version":[{"id":25227,"href":"https:\/\/therawell.de\/Gutschein\/wp-json\/wp\/v2\/pages\/434\/revisions\/25227"}],"wp:attachment":[{"href":"https:\/\/therawell.de\/Gutschein\/wp-json\/wp\/v2\/media?parent=434"}],"curies":[{"name":"wp","href":"https:\/\/api.w.org\/{rel}","templated":true}]}}