{"id":425,"date":"2019-01-23T15:44:14","date_gmt":"2019-01-23T14:44:14","guid":{"rendered":"http:\/\/therawell.de\/Gutschein\/?page_id=425"},"modified":"2025-10-14T10:10:21","modified_gmt":"2025-10-14T08:10:21","slug":"kosmetik-dame","status":"publish","type":"page","link":"https:\/\/therawell.de\/Gutschein\/kosmetik-dame\/","title":{"rendered":"Kosmetik f\u00fcr die Dame nach ETRE BELLE"},"content":{"rendered":"\n\t<div class=\"img has-hover x md-x lg-x y md-y lg-y\" id=\"image_1522385066\">\n\t\t\t\t\t\t\t\t<div class=\"img-inner image-cover dark\" style=\"padding-top:255px;\">\n\t\t\t<img loading=\"lazy\" decoding=\"async\" width=\"1020\" height=\"680\" src=\"https:\/\/therawell.de\/Gutschein\/wp-content\/uploads\/2019\/01\/49277217_xl-1200x800.jpg\" class=\"attachment-large size-large\" alt=\"\" srcset=\"https:\/\/therawell.de\/Gutschein\/wp-content\/uploads\/2019\/01\/49277217_xl-1200x800.jpg 1200w, https:\/\/therawell.de\/Gutschein\/wp-content\/uploads\/2019\/01\/49277217_xl-600x400.jpg 600w, https:\/\/therawell.de\/Gutschein\/wp-content\/uploads\/2019\/01\/49277217_xl-768x512.jpg 768w\" sizes=\"auto, (max-width: 1020px) 100vw, 1020px\" \/>\t\t\t\t\t\t\n\t\t\t\t\t<\/div>\n\t\t\t\t\t\t\t\t\n<style>\n#image_1522385066 {\n  width: 100%;\n}\n<\/style>\n\t<\/div>\n\t\n\n\t<div id=\"gap-975205497\" class=\"gap-element clearfix\" style=\"display:block; height:auto;\">\n\t\t\n<style>\n#gap-975205497 {\n  padding-top: 53px;\n}\n<\/style>\n\t<\/div>\n\t\n\n<div class=\"container section-title-container\" ><h3 class=\"section-title section-title-normal\"><b aria-hidden=\"true\"><\/b><span class=\"section-title-main\" >Kosmetik f\u00fcr die Dame nach G. Gruber<\/span><b aria-hidden=\"true\"><\/b><\/h3><\/div>\n\n<div class=\"row\"  id=\"row-1841465224\">\n\n\n\t<div id=\"col-305415679\" class=\"col medium-7 small-12 large-7\"  >\n\t\t\t\t<div class=\"col-inner\"  >\n\t\t\t\n\t\t\t\n\n\n<div class=\"wpcf7 no-js\" id=\"wpcf7-f414-o1\" lang=\"de-DE\" dir=\"ltr\" data-wpcf7-id=\"414\">\n<div class=\"screen-reader-response\"><p role=\"status\" aria-live=\"polite\" aria-atomic=\"true\"><\/p> <ul><\/ul><\/div>\n<form action=\"\/Gutschein\/wp-json\/wp\/v2\/pages\/425#wpcf7-f414-o1\" method=\"post\" class=\"wpcf7-form init\" aria-label=\"Kontaktformular\" novalidate=\"novalidate\" data-status=\"init\">\n<fieldset class=\"hidden-fields-container\"><input type=\"hidden\" name=\"_wpcf7\" value=\"414\" \/><input type=\"hidden\" name=\"_wpcf7_version\" value=\"6.1.5\" \/><input type=\"hidden\" name=\"_wpcf7_locale\" value=\"de_DE\" \/><input type=\"hidden\" name=\"_wpcf7_unit_tag\" value=\"wpcf7-f414-o1\" \/><input type=\"hidden\" name=\"_wpcf7_container_post\" value=\"0\" \/><input type=\"hidden\" name=\"_wpcf7_posted_data_hash\" value=\"\" \/>\n<\/fieldset>\n<h2 class=\"uppercase\"><span style=\"font-size: 80%;\">Gutscheinbestellung<\/span>\n<\/h2>\n<p><label> Gutscheinart (*) <span class=\"wpcf7-form-control-wrap\" data-name=\"Gutscheinart\"><span class=\"wpcf7-form-control wpcf7-checkbox wpcf7-validates-as-required\"><span class=\"wpcf7-list-item first\"><input type=\"checkbox\" name=\"Gutscheinart[]\" value=\"Pauschalgutschein\" \/><span class=\"wpcf7-list-item-label\">Pauschalgutschein<\/span><\/span><span class=\"wpcf7-list-item last\"><input type=\"checkbox\" name=\"Gutscheinart[]\" value=\"Programmgutschein\" \/><span class=\"wpcf7-list-item-label\">Programmgutschein<\/span><\/span><\/span><\/span><\/label>\n<\/p>\n<p><label> Text f\u00fcr Gutscheingestaltung <span class=\"wpcf7-form-control-wrap\" data-name=\"TextfrGutscheingestaltung\"><textarea cols=\"40\" rows=\"10\" maxlength=\"2000\" class=\"wpcf7-form-control wpcf7-textarea\" aria-invalid=\"false\" placeholder=\"F\u00fcr meine liebe Mutti (Beispieltext)\" name=\"TextfrGutscheingestaltung\"><\/textarea><\/span><\/label>\n<\/p>\n<h3 span style=\"font-size: 80%;\">[Beispieltext abh\u00e4ngig vom gew\u00e4hlten Gutschein] <br \/>\nIntensive Anti Aging Behandlung f\u00fcr ein frisches Hautbild. Reinigung, Enzympeeling, Microdermabrasion, Wirkstoffampulle, Pflegemaske, intensive Abschlusspflege. Bei unserer Anti Aging Deluxe \u2013 Behandlung werden die Wirkstoffe mit Ultraschall tief in die Haut eingeschleust f\u00fcr sofort sichtbare Erfolge.\n<\/h3>\n<p><span id=\"wpcf7-69fb43eb339fc-wrapper\" class=\"wpcf7-form-control-wrap adresse-wrap\" style=\"display:none !important; visibility:hidden !important;\"><label for=\"wpcf7-69fb43eb339fc-field\" class=\"hp-message\">Bitte lasse dieses Feld leer.<\/label><input id=\"wpcf7-69fb43eb339fc-field\"  class=\"wpcf7-form-control wpcf7-text\" type=\"text\" name=\"adresse\" value=\"\" size=\"40\" tabindex=\"-1\" autocomplete=\"new-password\" \/><\/span>\n<\/p>\n<p style=\"margin-bottom: 30px\">\n<\/p>\n<p><label><span class=\"wpcf7-form-control-wrap\" data-name=\"zumGeburtstagallesgute\"><input size=\"40\" maxlength=\"400\" class=\"wpcf7-form-control wpcf7-text\" aria-invalid=\"false\" placeholder=\"Alles Gute und viel Spa\u00df beim Entspannen w\u00fcnscht dir ...\" value=\"\" type=\"text\" name=\"zumGeburtstagallesgute\" \/><\/span><\/label>\n<\/p>\n<p style=\"margin-bottom: 30px\">\n<\/p>\n<h2 class=\"uppercase\"><span style=\"font-size: 80%;\">Kontaktdaten<\/span>\n<\/h2>\n<p style=\"margin-bottom: 30px\">\n<\/p>\n<p><span id=\"wpcf7-69fb43eb33ae6-wrapper\" class=\"wpcf7-form-control-wrap telefon-wrap\" style=\"display:none !important; visibility:hidden !important;\"><label for=\"wpcf7-69fb43eb33ae6-field\" class=\"hp-message\">Bitte lasse dieses Feld leer.<\/label><input id=\"wpcf7-69fb43eb33ae6-field\"  class=\"wpcf7-form-control wpcf7-text\" type=\"text\" name=\"telefon\" value=\"\" size=\"40\" tabindex=\"-1\" autocomplete=\"new-password\" \/><\/span><br \/>\n<label> Name, Vorname (*)<span class=\"wpcf7-form-control-wrap\" data-name=\"your-name\"><input size=\"40\" maxlength=\"400\" class=\"wpcf7-form-control wpcf7-text wpcf7-validates-as-required\" aria-required=\"true\" aria-invalid=\"false\" value=\"\" type=\"text\" name=\"your-name\" \/><\/span> <\/label>\n<\/p>\n<p><label> Stra\u00dfe, Hausnummer (*)<span class=\"wpcf7-form-control-wrap\" data-name=\"strasse\"><input size=\"40\" maxlength=\"400\" class=\"wpcf7-form-control wpcf7-text wpcf7-validates-as-required\" aria-required=\"true\" aria-invalid=\"false\" value=\"\" type=\"text\" name=\"strasse\" \/><\/span><\/label>\n<\/p>\n<p><label> Ort\/PLZ (*)<span class=\"wpcf7-form-control-wrap\" data-name=\"OrtPLZ\"><input size=\"40\" maxlength=\"400\" class=\"wpcf7-form-control wpcf7-text wpcf7-validates-as-required\" aria-required=\"true\" aria-invalid=\"false\" value=\"\" type=\"text\" name=\"OrtPLZ\" \/><\/span><\/label>\n<\/p>\n<p><label> Ihre E-Mail-Adresse (*)<span class=\"wpcf7-form-control-wrap\" data-name=\"your-email\"><input size=\"40\" maxlength=\"400\" class=\"wpcf7-form-control wpcf7-email wpcf7-validates-as-required wpcf7-text wpcf7-validates-as-email\" aria-required=\"true\" aria-invalid=\"false\" value=\"\" type=\"email\" name=\"your-email\" \/><\/span> <\/label><br \/>\n<label> Ihre Telefonnummer (mit Vorwahl)(*)<span class=\"wpcf7-form-control-wrap\" data-name=\"telefonnummer\"><input size=\"40\" maxlength=\"400\" class=\"wpcf7-form-control wpcf7-tel wpcf7-validates-as-required wpcf7-text wpcf7-validates-as-tel\" aria-required=\"true\" aria-invalid=\"false\" value=\"\" type=\"tel\" name=\"telefonnummer\" \/><\/span><\/label>\n<\/p>\n<p style=\"margin-bottom: 30px\">\n<\/p>\n<h2 class=\"uppercase\"><span style=\"font-size: 80%;\">\u00dcberweisung\/Abholung<\/span>\n<\/h2>\n<p style=\"margin-bottom: 30px\">\n<\/p>\n<p><label><span class=\"wpcf7-form-control-wrap\" data-name=\"ueberweisung-abholung\"><span class=\"wpcf7-form-control wpcf7-checkbox wpcf7-validates-as-required\"><span class=\"wpcf7-list-item first\"><input type=\"checkbox\" name=\"ueberweisung-abholung[]\" value=\"\u00dcberweisung\" \/><span class=\"wpcf7-list-item-label\">\u00dcberweisung<\/span><\/span><span class=\"wpcf7-list-item last\"><input type=\"checkbox\" name=\"ueberweisung-abholung[]\" value=\"Abholung im Therapie-und Wellnesszentrum\" \/><span class=\"wpcf7-list-item-label\">Abholung im Therapie-und Wellnesszentrum<\/span><\/span><\/span><\/span> <\/label>\n<\/p>\n<p style=\"margin-bottom: 30px\">\n<\/p>\n<h2 class=\"uppercase\"><span style=\"font-size: 80%;\">W\u00e4hlen Sie Ihren Gutschein<\/span>\n<\/h2>\n<p style=\"margin-bottom: 30px\">\n<\/p>\n<p><label><span class=\"wpcf7-form-control-wrap\" data-name=\"checkbox-84\"><span class=\"wpcf7-form-control wpcf7-checkbox wpcf7-validates-as-required\"><span class=\"wpcf7-list-item first\"><input type=\"checkbox\" name=\"checkbox-84[]\" value=\"K1001\u201eBeauty Grundbehandlung\u201c- 52,90 \u20ac\" \/><span class=\"wpcf7-list-item-label\">K1001\u201eBeauty Grundbehandlung\u201c- 52,90 \u20ac<\/span><\/span><span class=\"wpcf7-list-item\"><input type=\"checkbox\" name=\"checkbox-84[]\" value=\"K1002\u201eBeauty Exquisit \u2013 Behandlung\u201c - 73,00 \u20ac\" \/><span class=\"wpcf7-list-item-label\">K1002\u201eBeauty Exquisit \u2013 Behandlung\u201c - 73,00 \u20ac<\/span><\/span><span class=\"wpcf7-list-item\"><input type=\"checkbox\" name=\"checkbox-84[]\" value=\"K1023Aknebehandlung - 52,90 \u20ac\" \/><span class=\"wpcf7-list-item-label\">K1023Aknebehandlung - 52,90 \u20ac<\/span><\/span><span class=\"wpcf7-list-item\"><input type=\"checkbox\" name=\"checkbox-84[]\" value=\"K1027 \u201eYoung Peel\u201c Gesichts \u2013 Behandlung - 61,90 \u20ac\" \/><span class=\"wpcf7-list-item-label\">K1027 \u201eYoung Peel\u201c Gesichts \u2013 Behandlung - 61,90 \u20ac<\/span><\/span><span class=\"wpcf7-list-item\"><input type=\"checkbox\" name=\"checkbox-84[]\" value=\"K1027\u201eYoung Peel\u201c Gesichts \u2013 Behandlung mit Ultraschall - 76,90 \u20ac\" \/><span class=\"wpcf7-list-item-label\">K1027\u201eYoung Peel\u201c Gesichts \u2013 Behandlung mit Ultraschall - 76,90 \u20ac<\/span><\/span><span class=\"wpcf7-list-item\"><input type=\"checkbox\" name=\"checkbox-84[]\" value=\"K1028 Freundinnen Gesichtsbehandlung \u2013 2x Beauty Grundbehandlung  96,00 \u20ac\" \/><span class=\"wpcf7-list-item-label\">K1028 Freundinnen Gesichtsbehandlung \u2013 2x Beauty Grundbehandlung  96,00 \u20ac<\/span><\/span><span class=\"wpcf7-list-item\"><input type=\"checkbox\" name=\"checkbox-84[]\" value=\"K1028 Freundinnen Gesichtsbehandlung \u2013 2x Exquisit Grundbehandlung 141,00 \u20ac\" \/><span class=\"wpcf7-list-item-label\">K1028 Freundinnen Gesichtsbehandlung \u2013 2x Exquisit Grundbehandlung 141,00 \u20ac<\/span><\/span><span class=\"wpcf7-list-item\"><input type=\"checkbox\" name=\"checkbox-84[]\" value=\"K1028 Freundinnen Gesichtsbehandlung \u2013 2x Aknebehandlung  91,00 \u20ac\" \/><span class=\"wpcf7-list-item-label\">K1028 Freundinnen Gesichtsbehandlung \u2013 2x Aknebehandlung  91,00 \u20ac<\/span><\/span><span class=\"wpcf7-list-item\"><input type=\"checkbox\" name=\"checkbox-84[]\" value=\"K1028 Freundinnen Gesichtsbehandlung \u2013 2x Hydro Feuchtigkeitsbeh. 106,00 \u20ac\" \/><span class=\"wpcf7-list-item-label\">K1028 Freundinnen Gesichtsbehandlung \u2013 2x Hydro Feuchtigkeitsbeh. 106,00 \u20ac<\/span><\/span><span class=\"wpcf7-list-item\"><input type=\"checkbox\" name=\"checkbox-84[]\" value=\"K1028 Freundinnen Gesichtsbehandlung \u2013 2x Teenie \u2013 Ausreinigungsbeh. 71,00 \u20ac\" \/><span class=\"wpcf7-list-item-label\">K1028 Freundinnen Gesichtsbehandlung \u2013 2x Teenie \u2013 Ausreinigungsbeh. 71,00 \u20ac<\/span><\/span><span class=\"wpcf7-list-item\"><input type=\"checkbox\" name=\"checkbox-84[]\" value=\"K1028 Freundinnen Gesichtsbeh. \u2013 2x Hyaluron - Frischekick\u2013Augenbeh. 64,00 \u20ac\" \/><span class=\"wpcf7-list-item-label\">K1028 Freundinnen Gesichtsbeh. \u2013 2x Hyaluron - Frischekick\u2013Augenbeh. 64,00 \u20ac<\/span><\/span><span class=\"wpcf7-list-item\"><input type=\"checkbox\" name=\"checkbox-84[]\" value=\"K1025 HYDRO \u2013 Feuchtigkeitsbehandlung 55,90 \u20ac\" \/><span class=\"wpcf7-list-item-label\">K1025 HYDRO \u2013 Feuchtigkeitsbehandlung 55,90 \u20ac<\/span><\/span><span class=\"wpcf7-list-item\"><input type=\"checkbox\" name=\"checkbox-84[]\" value=\"K1025 HYDRO \u2013 Feuchtigkeitsbehandlung \u2013 mit Ultraschall\n70,90 \u20ac\" \/><span class=\"wpcf7-list-item-label\">K1025 HYDRO \u2013 Feuchtigkeitsbehandlung \u2013 mit Ultraschall\n70,90 \u20ac<\/span><\/span><span class=\"wpcf7-list-item\"><input type=\"checkbox\" name=\"checkbox-84[]\" value=\"K1026 Teenie - Ausreinigungsbehandlung\n 48,00 \u20ac\" \/><span class=\"wpcf7-list-item-label\">K1026 Teenie - Ausreinigungsbehandlung\n 48,00 \u20ac<\/span><\/span><span class=\"wpcf7-list-item\"><input type=\"checkbox\" name=\"checkbox-84[]\" value=\"K1030 Couperose Behandlung 65,50 \u20ac\" \/><span class=\"wpcf7-list-item-label\">K1030 Couperose Behandlung 65,50 \u20ac<\/span><\/span><span class=\"wpcf7-list-item\"><input type=\"checkbox\" name=\"checkbox-84[]\" value=\"K1031 Aloe Vera Behandlung f\u00fcr Sie 53,00 \u20ac\" \/><span class=\"wpcf7-list-item-label\">K1031 Aloe Vera Behandlung f\u00fcr Sie 53,00 \u20ac<\/span><\/span><span class=\"wpcf7-list-item\"><input type=\"checkbox\" name=\"checkbox-84[]\" value=\"K1031 Aloe Vera Behandlung f\u00fcr Sie mit Ultraschall 68,00 \u20ac\" \/><span class=\"wpcf7-list-item-label\">K1031 Aloe Vera Behandlung f\u00fcr Sie mit Ultraschall 68,00 \u20ac<\/span><\/span><span class=\"wpcf7-list-item last\"><input type=\"checkbox\" name=\"checkbox-84[]\" value=\"K1032 Hydro-Algen-Luxusbehandlung 78,00 \u20ac\" \/><span class=\"wpcf7-list-item-label\">K1032 Hydro-Algen-Luxusbehandlung 78,00 \u20ac<\/span><\/span><\/span><\/span><\/label>\n<\/p>\n<p style=\"margin-bottom: 30px\">\n<\/p>\n<p><label> Bemerkungen<br \/>\n<span class=\"wpcf7-form-control-wrap\" data-name=\"your-message\"><textarea cols=\"40\" rows=\"10\" maxlength=\"2000\" class=\"wpcf7-form-control wpcf7-textarea\" aria-invalid=\"false\" name=\"your-message\"><\/textarea><\/span> <\/label>\n<\/p>\n<p>Die Geltungsdauer des Gutscheines betr\u00e4gt 2 Jahre. Der Gutschein ist erst nach Zahlungseingang g\u00fcltig. Eine Barauszahlung des Gutscheines ist nicht m\u00f6glich.\n<\/p>\n<p style=\"margin-bottom: 30px\">\n<\/p>\n<p><span class=\"wpcf7-form-control-wrap kc_captcha\" data-name=\"kc_captcha\"><span class=\"wpcf7-form-control wpcf7-radio\"><span class=\"captcha-image\" ><span class=\"cf7ic_instructions\">Bitte beweise, dass du kein Spambot bist und w\u00e4hle das Symbol<span> Stern<\/span>.<\/span><label><input aria-label=\"1\" type=\"radio\" name=\"kc_captcha\" value=\"bot\" \/><svg aria-hidden=\"true\" role=\"img\" xmlns=\"http:\/\/www.w3.org\/2000\/svg\" viewBox=\"0 0 576 512\"><path fill=\"currentColor\" d=\"M488 313v143c0 13-11 24-24 24H348c-7 0-12-5-12-12V356c0-7-5-12-12-12h-72c-7 0-12 5-12 12v112c0 7-5 12-12 12H112c-13 0-24-11-24-24V313c0-4 2-7 4-10l188-154c5-4 11-4 16 0l188 154c2 3 4 6 4 10zm84-61l-84-69V44c0-6-5-12-12-12h-56c-7 0-12 6-12 12v73l-89-74a48 48 0 00-61 0L4 252c-5 4-5 12-1 17l25 31c5 5 12 5 17 1l235-193c5-4 11-4 16 0l235 193c5 5 13 4 17-1l25-31c4-6 4-13-1-17z\"\/><\/svg><\/label><label><input aria-label=\"2\" type=\"radio\" name=\"kc_captcha\" value=\"kc_human\" \/><svg aria-hidden=\"true\" role=\"img\" xmlns=\"http:\/\/www.w3.org\/2000\/svg\" viewBox=\"0 0 576 512\"><path fill=\"currentColor\" d=\"M259 18l-65 132-146 22c-26 3-37 36-18 54l106 103-25 146c-5 26 23 46 46 33l131-68 131 68c23 13 51-7 46-33l-25-146 106-103c19-18 8-51-18-54l-146-22-65-132a32 32 0 00-58 0z\"\/><\/svg><\/label><label><input aria-label=\"3\" type=\"radio\" name=\"kc_captcha\" value=\"bot\" \/><svg aria-hidden=\"true\" role=\"img\" xmlns=\"http:\/\/www.w3.org\/2000\/svg\" viewBox=\"0 0 576 512\"><path fill=\"currentColor\" d=\"M472 200H360L256 6a12 12 0 00-10-6h-58c-8 0-14 7-12 15l34 185H100l-35-58a12 12 0 00-10-6H12c-8 0-13 7-12 14l21 106L0 362c-1 7 4 14 12 14h43c4 0 8-2 10-6l35-58h110l-34 185c-2 8 4 15 12 15h58a12 12 0 0010-6l104-194h112c57 0 104-25 104-56s-47-56-104-56z\"\/><\/svg><\/label>\r\n    <\/span>\r\n    <span style=\"display:none\">\r\n        <input type=\"text\" name=\"kc_honeypot\">\r\n    <\/span><\/span><\/span><br \/>\n<span class=\"wpcf7-form-control-wrap\" data-name=\"acceptance-975\"><span class=\"wpcf7-form-control wpcf7-acceptance\"><span class=\"wpcf7-list-item\"><label><input type=\"checkbox\" name=\"acceptance-975\" value=\"1\" aria-invalid=\"false\" \/><span class=\"wpcf7-list-item-label\">Ich habe die <a href=\"https:\/\/therawell.de\/datenschutz.htm\" target=\"_blank\">Datenschutzrichtlinien<\/a> gelesen und erkl\u00e4re mich mit den Datenschutzbestimmungen einverstanden.<\/span><\/label><\/span><\/span><\/span>\n<\/p>\n<p><input class=\"wpcf7-form-control wpcf7-submit has-spinner\" type=\"submit\" value=\"Senden\" \/>\n<\/p><div class=\"wpcf7-response-output\" aria-hidden=\"true\"><\/div>\n<\/form>\n<\/div>\n\n\n\n\t\t<\/div>\n\t\t\t\t\t<\/div>\n\n\t\n\n\t<div id=\"col-1901115862\" class=\"col medium-5 small-12 large-5\"  >\n\t\t\t\t<div class=\"col-inner\"  >\n\t\t\t\n\t\t\t\n\n<p>*\u00a0 W\u00fcnschen Sie den komfortablen postalischen Versand direkt an die von Ihnen angegebene Adresse, so berechnen wir innerhalb von Deutschland zus\u00e4tzlich zum Gutscheinwert eine Versandkostenpauschale in H\u00f6he von 3,50 EUR (inkl. MwSt.) bzw. bei einem Brief per Einschreiben 6,50 Euro (inkl. MwSt.). M\u00f6chten Sie Ihren gebuchten Gutschein ins Ausland versenden, kontaktieren Sie uns bitte, um die Kosten des Versands zu erfragen.<\/p>\n<p><strong>Bitte \u00fcberweisen Sie den Betrag innerhalb von 3 Werktagen nach Ihrer Bestellung auf folgendes Konto:<\/strong><\/p>\n<p><strong>Empf\u00e4nger: <\/strong>Thera Well Ivo Weichsel<strong><br \/>Bank: <\/strong>Commerzbank\u00a0<b><br \/><\/b><strong>IBAN:<\/strong> DE80 8704 0000 0703 2469 00<br \/><strong>BIC:<\/strong> COBADEFFXXX\u00a0<br \/><strong>Verwendungszweck:<\/strong> Name\/Gutschein<\/p>\n<p>Nach erfolgtem Zahlungseingang liegt Ihr bestellter Gutschein bei uns im Therapie- und Wellnesszentrum zur Abholung bereit bzw. wird direkt an die uns angegebene Adresse verschickt.<\/p>\n<p><strong>Sollte es einmal eilig sein, kein Problem. Bitte geben Sie uns eine entsprechende Information und wir versenden Ihren Gutschein auch ohne vorherige \u00dcberweisung (der Gutschein ist erst nach erfolgtem Zahlungseingang einl\u00f6sbar).<\/strong><\/p>\n<p>F\u00fcr weitere Fragen stehen wir Ihnen auch gerne unter Telefon 03 75 &#8211; 3 53 16 61 zur Verf\u00fcgung.<\/p>\n\t<div class=\"img has-hover x md-x lg-x y md-y lg-y\" id=\"image_1025772398\">\n\t\t\t\t\t\t\t\t<div class=\"img-inner dark\" >\n\t\t\t<img loading=\"lazy\" decoding=\"async\" width=\"462\" height=\"151\" src=\"https:\/\/therawell.de\/Gutschein\/wp-content\/uploads\/2019\/01\/2-1.jpg\" class=\"attachment-original size-original\" alt=\"\" \/>\t\t\t\t\t\t\n\t\t\t\t\t<\/div>\n\t\t\t\t\t\t\t\t\n<style>\n#image_1025772398 {\n  width: 100%;\n}\n<\/style>\n\t<\/div>\n\t\n\n\n\t\t<\/div>\n\t\t\t\t\t<\/div>\n\n\t\n\n<\/div>\n\n","protected":false},"excerpt":{"rendered":"","protected":false},"author":1,"featured_media":0,"parent":0,"menu_order":0,"comment_status":"closed","ping_status":"closed","template":"","meta":{"footnotes":""},"class_list":["post-425","page","type-page","status-publish","hentry"],"_links":{"self":[{"href":"https:\/\/therawell.de\/Gutschein\/wp-json\/wp\/v2\/pages\/425","targetHints":{"allow":["GET"]}}],"collection":[{"href":"https:\/\/therawell.de\/Gutschein\/wp-json\/wp\/v2\/pages"}],"about":[{"href":"https:\/\/therawell.de\/Gutschein\/wp-json\/wp\/v2\/types\/page"}],"author":[{"embeddable":true,"href":"https:\/\/therawell.de\/Gutschein\/wp-json\/wp\/v2\/users\/1"}],"replies":[{"embeddable":true,"href":"https:\/\/therawell.de\/Gutschein\/wp-json\/wp\/v2\/comments?post=425"}],"version-history":[{"count":12,"href":"https:\/\/therawell.de\/Gutschein\/wp-json\/wp\/v2\/pages\/425\/revisions"}],"predecessor-version":[{"id":25230,"href":"https:\/\/therawell.de\/Gutschein\/wp-json\/wp\/v2\/pages\/425\/revisions\/25230"}],"wp:attachment":[{"href":"https:\/\/therawell.de\/Gutschein\/wp-json\/wp\/v2\/media?parent=425"}],"curies":[{"name":"wp","href":"https:\/\/api.w.org\/{rel}","templated":true}]}}